{"id":149,"date":"2016-03-01T09:17:35","date_gmt":"2016-03-01T08:17:35","guid":{"rendered":"http:\/\/alika-wp.wossthemes.com\/?page_id=2"},"modified":"2022-08-30T14:02:31","modified_gmt":"2022-08-30T12:02:31","slug":"about","status":"publish","type":"page","link":"https:\/\/lifeside.ch\/?page_id=149","title":{"rendered":"\u00dcber mich"},"content":{"rendered":"<p>Dies ist ein pers\u00f6nlicher Blog \u00fcber die kleinen Dinge im Leben, die mir tagt\u00e4glich Freude bereiten und mich inspirieren. Ein bisschen von allem, nie perfekt aber immer mit viel Liebe und einer grossen Portion Glow. Einfach aus der Freude heraus.<\/p>\n<p>Diesen Blog vor rund vier Jahren gestartet. Ich schreibe unheimlich gerne. Ich fotografiere, style und probiere gerne aus. Deshalb brauche ich einen Ort um meiner Kreativit\u00e4t Ausdruck zu verleihen und mich auszutoben. Darum der Blog.<\/p>\n<p>Die Themen sind alle rund um Living und Lifestyle und was mich sonst noch gerade so inspiriert.<\/p>\n<p>Vielleicht auch dich?<\/p>\n<p>Let the glow begin&#8230;<\/p>\n<p><img loading=\"lazy\" decoding=\"async\" class=\"alignnone wp-image-445 size-large\" src=\"http:\/\/www.lifeside.ch\/wp-content\/uploads\/2015\/06\/IMG_1587-1024x683.jpg\" alt=\"IMG_1587\" width=\"1024\" height=\"683\" srcset=\"https:\/\/lifeside.ch\/wp-content\/uploads\/2015\/06\/IMG_1587-1024x683.jpg 1024w, https:\/\/lifeside.ch\/wp-content\/uploads\/2015\/06\/IMG_1587-300x200.jpg 300w, https:\/\/lifeside.ch\/wp-content\/uploads\/2015\/06\/IMG_1587-768x512.jpg 768w\" sizes=\"auto, (max-width: 1024px) 100vw, 1024px\" \/><\/p>\n<p>Hinterlasse mir eine Nachricht auf mail@lifeside.ch<\/p>\n<p>Ich freue mich auf deine Kontaktaufnahme!<\/p>\n<p>Nadja<\/p>\n","protected":false},"excerpt":{"rendered":"<p>Dies ist ein pers\u00f6nlicher Blog \u00fcber die kleinen Dinge im Leben, die mir tagt\u00e4glich Freude bereiten und mich inspirieren. Ein bisschen von allem, nie perfekt aber immer mit viel Liebe und einer grossen Portion Glow. [&hellip;]<\/p>\n","protected":false},"author":1,"featured_media":0,"parent":0,"menu_order":0,"comment_status":"open","ping_status":"open","template":"","meta":{"footnotes":""},"class_list":["post-149","page","type-page","status-publish","hentry"],"_links":{"self":[{"href":"https:\/\/lifeside.ch\/index.php?rest_route=\/wp\/v2\/pages\/149","targetHints":{"allow":["GET"]}}],"collection":[{"href":"https:\/\/lifeside.ch\/index.php?rest_route=\/wp\/v2\/pages"}],"about":[{"href":"https:\/\/lifeside.ch\/index.php?rest_route=\/wp\/v2\/types\/page"}],"author":[{"embeddable":true,"href":"https:\/\/lifeside.ch\/index.php?rest_route=\/wp\/v2\/users\/1"}],"replies":[{"embeddable":true,"href":"https:\/\/lifeside.ch\/index.php?rest_route=%2Fwp%2Fv2%2Fcomments&post=149"}],"version-history":[{"count":15,"href":"https:\/\/lifeside.ch\/index.php?rest_route=\/wp\/v2\/pages\/149\/revisions"}],"predecessor-version":[{"id":1199,"href":"https:\/\/lifeside.ch\/index.php?rest_route=\/wp\/v2\/pages\/149\/revisions\/1199"}],"wp:attachment":[{"href":"https:\/\/lifeside.ch\/index.php?rest_route=%2Fwp%2Fv2%2Fmedia&parent=149"}],"curies":[{"name":"wp","href":"https:\/\/api.w.org\/{rel}","templated":true}]}}